{"id":91,"date":"2018-02-19T20:52:43","date_gmt":"2018-02-19T20:52:43","guid":{"rendered":"https:\/\/nordicsmc.create.aau.dk\/?page_id=91"},"modified":"2019-07-15T07:48:41","modified_gmt":"2019-07-15T07:48:41","slug":"people","status":"publish","type":"page","link":"https:\/\/nordicsmc.create.aau.dk\/?page_id=91","title":{"rendered":"People"},"content":{"rendered":"<p><img loading=\"lazy\" decoding=\"async\" class=\"alignnone size-medium wp-image-197\" src=\"https:\/\/nordicsmc.create.aau.dk\/wp-content\/uploads\/2018\/08\/39279374_10156155875348876_6601654725848858624_n-300x225.jpg\" alt=\"\" width=\"600\" height=\"450\" srcset=\"https:\/\/nordicsmc.create.aau.dk\/wp-content\/uploads\/2018\/08\/39279374_10156155875348876_6601654725848858624_n-300x225.jpg 300w, https:\/\/nordicsmc.create.aau.dk\/wp-content\/uploads\/2018\/08\/39279374_10156155875348876_6601654725848858624_n-768x576.jpg 768w, https:\/\/nordicsmc.create.aau.dk\/wp-content\/uploads\/2018\/08\/39279374_10156155875348876_6601654725848858624_n.jpg 960w\" sizes=\"auto, (max-width: 600px) 100vw, 600px\" \/><br \/>\nSome of the senior and young researchers involved in Nordic SMC.<\/p>\n<p>The researchers below represent the steering committee of Nordic SMC.<\/p>\n<div class=\"entry-content\">\n<table>\n<tbody>\n<tr>\n<th>Contact person<\/th>\n<th>Institution<\/th>\n<th>Country<\/th>\n<th>E-mail<\/th>\n<\/tr>\n<tr>\n<th>Stefania Serafin<\/th>\n<th>Aalborg University<\/th>\n<th>Denmark<\/th>\n<th>sts (at) create.aau.dk<\/th>\n<\/tr>\n<tr>\n<th>Sofia Dahl<\/th>\n<th>Aalborg University<\/th>\n<th>Denmark<\/th>\n<th>sof (at) create.aau.dk<\/th>\n<\/tr>\n<tr>\n<th>Simone Spagnol<\/th>\n<th>Aalborg University<\/th>\n<th>Denmark<\/th>\n<th>ssp (at) create.aau.dk<\/th>\n<\/tr>\n<tr>\n<th>Mads G. Christensen<\/th>\n<th>Aalborg University<\/th>\n<th>Denmark<\/th>\n<th>mgc (at) create.aau.dk<\/th>\n<\/tr>\n<tr>\n<th>Vesa Valimaki<\/th>\n<th>Aalto U.<\/th>\n<th>Finland<\/th>\n<th>vesa.valimaki (at) aalto.fi<\/th>\n<\/tr>\n<tr>\n<th>Ville Pulkki<\/th>\n<th>Aalto U.<\/th>\n<th>Finland<\/th>\n<th>ville.pulkki (at) aalto.fi<\/th>\n<\/tr>\n<tr>\n<th>Alexander Refsum Jensenius<\/th>\n<th>University of Oslo<\/th>\n<th>Norway<\/th>\n<th>a.r.jensenius (at) imv.uio.no<\/th>\n<\/tr>\n<tr>\n<th>Roberto Bresin<\/th>\n<th>KTH<\/th>\n<th>Sweden<\/th>\n<th>roberto (at) csc.kth.se<\/th>\n<\/tr>\n<tr>\n<th>Kjetil Hansen<\/th>\n<th>KTH<\/th>\n<th>Sweden<\/th>\n<th>kjetil (at) kth.se<\/th>\n<\/tr>\n<tr>\n<th>R\u00fanar Unn\u00fe\u00f3rsson<\/th>\n<th>University of Island<\/th>\n<th>Island<\/th>\n<th>runson (at) hi.is<\/th>\n<th><\/th>\n<\/tr>\n<\/tbody>\n<\/table>\n<\/div>\n<footer class=\"entry-meta\"><span class=\"edit-link\"><a class=\"post-edit-link\" href=\"https:\/\/nordicsmc.create.aau.dk\/wp-admin\/post.php?post=91&amp;action=edit\">Edit<\/a><\/span><\/footer>\n<p>&nbsp;<\/p>\n","protected":false},"excerpt":{"rendered":"<p>Some of the senior and young researchers involved in Nordic SMC. The researchers below represent the steering committee of Nordic SMC. Contact person Institution Country E-mail Stefania Serafin Aalborg University Denmark sts (at) create.aau.dk Sofia Dahl Aalborg University Denmark sof (at) create.aau.dk Simone Spagnol Aalborg University Denmark ssp (at) create.aau.dk Mads G. Christensen Aalborg University [&hellip;]<\/p>\n","protected":false},"author":2,"featured_media":0,"parent":0,"menu_order":0,"comment_status":"closed","ping_status":"closed","template":"","meta":{"footnotes":""},"class_list":["post-91","page","type-page","status-publish","hentry"],"_links":{"self":[{"href":"https:\/\/nordicsmc.create.aau.dk\/index.php?rest_route=\/wp\/v2\/pages\/91","targetHints":{"allow":["GET"]}}],"collection":[{"href":"https:\/\/nordicsmc.create.aau.dk\/index.php?rest_route=\/wp\/v2\/pages"}],"about":[{"href":"https:\/\/nordicsmc.create.aau.dk\/index.php?rest_route=\/wp\/v2\/types\/page"}],"author":[{"embeddable":true,"href":"https:\/\/nordicsmc.create.aau.dk\/index.php?rest_route=\/wp\/v2\/users\/2"}],"replies":[{"embeddable":true,"href":"https:\/\/nordicsmc.create.aau.dk\/index.php?rest_route=%2Fwp%2Fv2%2Fcomments&post=91"}],"version-history":[{"count":34,"href":"https:\/\/nordicsmc.create.aau.dk\/index.php?rest_route=\/wp\/v2\/pages\/91\/revisions"}],"predecessor-version":[{"id":234,"href":"https:\/\/nordicsmc.create.aau.dk\/index.php?rest_route=\/wp\/v2\/pages\/91\/revisions\/234"}],"wp:attachment":[{"href":"https:\/\/nordicsmc.create.aau.dk\/index.php?rest_route=%2Fwp%2Fv2%2Fmedia&parent=91"}],"curies":[{"name":"wp","href":"https:\/\/api.w.org\/{rel}","templated":true}]}}